{"id":6,"date":"2026-03-04T08:04:52","date_gmt":"2026-03-04T08:04:52","guid":{"rendered":"https:\/\/blog.rebalai.com\/es\/privacy-policy\/"},"modified":"2026-03-04T08:04:52","modified_gmt":"2026-03-04T08:04:52","slug":"privacy-policy","status":"publish","type":"page","link":"https:\/\/blog.rebalai.com\/es\/privacy-policy\/","title":{"rendered":"Pol\u00edtica de Privacidad"},"content":{"rendered":"<h2>Pol\u00edtica de Privacidad<\/h2>\n<p><strong>\u00daltima actualizaci\u00f3n:<\/strong> 4 de marzo de 2026<\/p>\n<h3>Qui\u00e9nes somos<\/h3>\n<p>Este sitio web es operado por Rebal AI. Direcci\u00f3n del sitio: https:\/\/blog.rebalai.com<\/p>\n<h3>Informaci\u00f3n que recopilamos<\/h3>\n<p>No recopilamos directamente informaci\u00f3n personal de los visitantes. Sin embargo, los servicios de terceros integrados en este sitio pueden recopilar datos como se describe a continuaci\u00f3n.<\/p>\n<h3>Cookies y tecnolog\u00edas de seguimiento<\/h3>\n<p>Este sitio utiliza cookies y tecnolog\u00edas similares a trav\u00e9s de los siguientes servicios:<\/p>\n<p><strong>Google Analytics<\/strong> \u2014 Utilizamos Google Analytics para comprender c\u00f3mo los visitantes interact\u00faan con nuestro sitio web. Este servicio recopila informaci\u00f3n como su direcci\u00f3n IP, tipo de navegador, p\u00e1ginas visitadas y tiempo de permanencia. Para m\u00e1s informaci\u00f3n, visite la <a href=\"https:\/\/policies.google.com\/privacy\">Pol\u00edtica de Privacidad de Google<\/a>.<\/p>\n<p><strong>Google AdSense<\/strong> \u2014 Mostramos anuncios a trav\u00e9s de Google AdSense. Google puede utilizar cookies para mostrar anuncios basados en sus visitas anteriores. Puede desactivar la publicidad personalizada visitando <a href=\"https:\/\/www.google.com\/settings\/ads\">Configuraci\u00f3n de anuncios de Google<\/a>.<\/p>\n<h3>Sus derechos<\/h3>\n<ul>\n<li>Desactivar cookies a trav\u00e9s de la configuraci\u00f3n de su navegador<\/li>\n<li>Desactivar anuncios personalizados de Google en <a href=\"https:\/\/adssettings.google.com\">adssettings.google.com<\/a><\/li>\n<li>Solicitar informaci\u00f3n sobre los datos recopilados<\/li>\n<\/ul>\n<h3>Cambios en esta pol\u00edtica<\/h3>\n<p>Podemos actualizar esta Pol\u00edtica de Privacidad peri\u00f3dicamente. Los cambios se publicar\u00e1n en esta p\u00e1gina con una fecha de revisi\u00f3n actualizada.<\/p>\n<h3>Contacto<\/h3>\n<p>Para consultas sobre esta Pol\u00edtica de Privacidad: contact@rebalai.com<\/p>\n","protected":false},"excerpt":{"rendered":"<p>Pol\u00edtica de Privacidad \u00daltima actualizaci\u00f3n: 4 de marzo de 2026 Qui\u00e9nes somos Este sitio web es operado por Rebal AI. [&hellip;]<\/p>\n","protected":false},"author":1,"featured_media":0,"parent":0,"menu_order":0,"comment_status":"closed","ping_status":"closed","template":"","meta":{"site-sidebar-layout":"default","site-content-layout":"","ast-site-content-layout":"default","site-content-style":"default","site-sidebar-style":"default","ast-global-header-display":"","ast-banner-title-visibility":"","ast-main-header-display":"","ast-hfb-above-header-display":"","ast-hfb-below-header-display":"","ast-hfb-mobile-header-display":"","site-post-title":"","ast-breadcrumbs-content":"","ast-featured-img":"","footer-sml-layout":"","ast-disable-related-posts":"","theme-transparent-header-meta":"","adv-header-id-meta":"","stick-header-meta":"","header-above-stick-meta":"","header-main-stick-meta":"","header-below-stick-meta":"","astra-migrate-meta-layouts":"default","ast-page-background-enabled":"default","ast-page-background-meta":{"desktop":{"background-color":"var(--ast-global-color-5)","background-image":"","background-repeat":"repeat","background-position":"center center","background-size":"auto","background-attachment":"scroll","background-type":"","background-media":"","overlay-type":"","overlay-color":"","overlay-opacity":"","overlay-gradient":""},"tablet":{"background-color":"","background-image":"","background-repeat":"repeat","background-position":"center center","background-size":"auto","background-attachment":"scroll","background-type":"","background-media":"","overlay-type":"","overlay-color":"","overlay-opacity":"","overlay-gradient":""},"mobile":{"background-color":"","background-image":"","background-repeat":"repeat","background-position":"center center","background-size":"auto","background-attachment":"scroll","background-type":"","background-media":"","overlay-type":"","overlay-color":"","overlay-opacity":"","overlay-gradient":""}},"ast-content-background-meta":{"desktop":{"background-color":"var(--ast-global-color-4)","background-image":"","background-repeat":"repeat","background-position":"center center","background-size":"auto","background-attachment":"scroll","background-type":"","background-media":"","overlay-type":"","overlay-color":"","overlay-opacity":"","overlay-gradient":""},"tablet":{"background-color":"var(--ast-global-color-4)","background-image":"","background-repeat":"repeat","background-position":"center center","background-size":"auto","background-attachment":"scroll","background-type":"","background-media":"","overlay-type":"","overlay-color":"","overlay-opacity":"","overlay-gradient":""},"mobile":{"background-color":"var(--ast-global-color-4)","background-image":"","background-repeat":"repeat","background-position":"center center","background-size":"auto","background-attachment":"scroll","background-type":"","background-media":"","overlay-type":"","overlay-color":"","overlay-opacity":"","overlay-gradient":""}},"footnotes":""},"class_list":["post-6","page","type-page","status-publish","hentry"],"_links":{"self":[{"href":"https:\/\/blog.rebalai.com\/es\/wp-json\/wp\/v2\/pages\/6","targetHints":{"allow":["GET"]}}],"collection":[{"href":"https:\/\/blog.rebalai.com\/es\/wp-json\/wp\/v2\/pages"}],"about":[{"href":"https:\/\/blog.rebalai.com\/es\/wp-json\/wp\/v2\/types\/page"}],"author":[{"embeddable":true,"href":"https:\/\/blog.rebalai.com\/es\/wp-json\/wp\/v2\/users\/1"}],"replies":[{"embeddable":true,"href":"https:\/\/blog.rebalai.com\/es\/wp-json\/wp\/v2\/comments?post=6"}],"version-history":[{"count":0,"href":"https:\/\/blog.rebalai.com\/es\/wp-json\/wp\/v2\/pages\/6\/revisions"}],"wp:attachment":[{"href":"https:\/\/blog.rebalai.com\/es\/wp-json\/wp\/v2\/media?parent=6"}],"curies":[{"name":"wp","href":"https:\/\/api.w.org\/{rel}","templated":true}]}}